{"id":44,"date":"2013-05-19T09:01:13","date_gmt":"2013-05-19T08:01:13","guid":{"rendered":"http:\/\/www.marieannicklabonne.com\/?page_id=44"},"modified":"2014-02-21T10:18:32","modified_gmt":"2014-02-21T09:18:32","slug":"a-quoi-sert-lapproche-de-lalignement","status":"publish","type":"page","link":"http:\/\/www.marieannicklabonne.com\/?page_id=44","title":{"rendered":"Approche de l&rsquo;Alignement"},"content":{"rendered":"<h2 align=\"center\"><\/h2>\n<h2 style=\"text-align: center;\" align=\"center\">C&rsquo;est une approche centr\u00e9e sur la personne (Carl Rogers)<\/h2>\n<h2 style=\"text-align: center;\">\u00a0A quoi sert-elle ?<\/h2>\n<p>&nbsp;<\/p>\n<p><strong><span style=\"color: #0000ff;\">\u00a0\u00a0 A se comprendre, \u00e0 se conna\u00eetre<\/span><\/strong><\/p>\n<p><span style=\"color: #008000;\"><em><strong>\u00a0<\/strong>A explorer les domaines de sa vie o\u00f9 il y a du mal-\u00eatre afin d\u2019en comprendre les raisons et d\u2019\u00e9voluer vers un mieux-\u00eatre.<\/em><\/span><\/p>\n<p><em><strong><span style=\"color: #3fe31c;\">\u00a0<\/span><\/strong><\/em><\/p>\n<p><em><strong><span style=\"color: #3fe31c;\">\u00a0\u00a0 <\/span><\/strong><\/em><span style=\"color: #0000ff;\"><strong>A am\u00e9liorer ses relations avec les autres<\/strong><\/span><\/p>\n<p><span style=\"color: #008000;\"><em>Lorsqu\u2019on apprend \u00e0 se conna\u00eetre soi-m\u00eame, on comprend \u00e9galement mieux les autres<strong>.<\/strong><\/em><\/span><\/p>\n<p><em><strong><span style=\"color: #3fe31c;\">\u00a0<\/span><\/strong><\/em><\/p>\n<p><em><strong><span style=\"color: #3fe31c;\">\u00a0\u00a0 <\/span><\/strong><\/em><strong><span style=\"color: #3fe31c;\"><span style=\"color: #0000ff;\">A prendre sa place et manifester son potentiel<\/span><\/span><\/strong><\/p>\n<p><span style=\"color: #008000;\"><em>En d\u00e9couvrant qui on est vraiment, on manifeste son potentiel, on prend sa place et on acc\u00e8de ainsi \u00e0 une vie riche de sens.<\/em><\/span><\/p>\n<p><em><strong><span style=\"color: #3fe31c;\">\u00a0<\/span><\/strong><\/em><\/p>\n<p><em><strong><span style=\"color: #3fe31c;\">\u00a0\u00a0<\/span><\/strong><\/em><strong><span style=\"color: #3fe31c;\"><span style=\"color: #0000ff;\"> A comprendre et d\u00e9passer ses \u00e9preuves<\/span><\/span><\/strong><strong><\/strong><\/p>\n<p><span style=\"color: #008000;\"><em>Tels le deuil, la s\u00e9paration, la d\u00e9pression<\/em><\/span><\/p>\n<p><em><strong><span style=\"color: #3fe31c;\">\u00a0<\/span><\/strong><\/em><\/p>\n<p><em><strong><span style=\"color: #3fe31c;\">\u00a0<\/span><\/strong><\/em><strong><span style=\"color: #3fe31c;\">\u00a0<\/span><\/strong><strong><span style=\"color: #3fe31c;\"><span style=\"color: #0000ff;\"> A comprendre que nous formons un Tout harmonieux (corps-mental-esprit)<\/span><\/span><\/strong><\/p>\n<p><span style=\"color: #008000;\"><em>L\u2019alignement est une approche globale qui tient compte des messages du corps, des \u00e9motions, des intuitions et nous permet d\u2019aligner notre vie et notre mental sur l\u2019esprit que l\u2019on est.<\/em><\/span><\/p>\n<p><span style=\"color: #008000;\"><em>\u00a0<\/em><\/span><\/p>\n<p><span style=\"color: #008000;\"><strong><i>En tant\u00a0 que th\u00e9rapeute en Approche de l\u2019Alignement, mon r\u00f4le est de mettre en \u0153uvre une attitude, des techniques et des connaissances afin d\u2019aider le consultant \u00e0 \u00e9voluer vers l\u2019harmonie et vers la satisfaction de ses besoins fondamentaux.<\/i><\/strong><\/span><\/p>\n<p><span style=\"color: #008000;\">\u00a0<\/span><\/p>\n<p><span style=\"color: #008000;\">\u00a0<\/span><\/p>\n<p><span style=\"color: #0000ff;\"><strong>Site de l&rsquo;Approche de l&rsquo;Alignement : <a href=\"http:\/\/www.approche-alignement.info\"><span style=\"color: #0000ff;\">www.approche-alignement.info<\/span><\/a><\/strong><\/span><\/p>\n<p><em><strong>\u00a0\u00a0\u00a0\u00a0\u00a0\u00a0\u00a0\u00a0\u00a0\u00a0\u00a0\u00a0\u00a0\u00a0\u00a0\u00a0\u00a0\u00a0\u00a0\u00a0\u00a0\u00a0\u00a0\u00a0\u00a0\u00a0\u00a0\u00a0\u00a0\u00a0\u00a0\u00a0\u00a0\u00a0\u00a0\u00ab\u00a0Connais-toi toi-m\u00eame et tu conna\u00eetras l\u2019Univers et les dieux\u00a0\u00bb<\/strong><\/em><\/p>\n<p><em><strong><span style=\"color: #3fe31c;\">\u00a0<\/span><\/strong><\/em><\/p>\n","protected":false},"excerpt":{"rendered":"<p>C&rsquo;est une approche centr\u00e9e sur la personne (Carl Rogers) \u00a0A quoi sert-elle ? &nbsp; \u00a0\u00a0 A se comprendre, \u00e0 se conna\u00eetre \u00a0A explorer les domaines de sa vie o\u00f9 il y a du mal-\u00eatre afin d\u2019en comprendre les raisons et d\u2019\u00e9voluer vers un mieux-\u00eatre. \u00a0 \u00a0\u00a0 A am\u00e9liorer ses relations avec les autres Lorsqu\u2019on apprend [&hellip;]<\/p>\n","protected":false},"author":1,"featured_media":0,"parent":0,"menu_order":0,"comment_status":"open","ping_status":"open","template":"","meta":{"footnotes":""},"_links":{"self":[{"href":"http:\/\/www.marieannicklabonne.com\/index.php?rest_route=\/wp\/v2\/pages\/44"}],"collection":[{"href":"http:\/\/www.marieannicklabonne.com\/index.php?rest_route=\/wp\/v2\/pages"}],"about":[{"href":"http:\/\/www.marieannicklabonne.com\/index.php?rest_route=\/wp\/v2\/types\/page"}],"author":[{"embeddable":true,"href":"http:\/\/www.marieannicklabonne.com\/index.php?rest_route=\/wp\/v2\/users\/1"}],"replies":[{"embeddable":true,"href":"http:\/\/www.marieannicklabonne.com\/index.php?rest_route=%2Fwp%2Fv2%2Fcomments&post=44"}],"version-history":[{"count":14,"href":"http:\/\/www.marieannicklabonne.com\/index.php?rest_route=\/wp\/v2\/pages\/44\/revisions"}],"predecessor-version":[{"id":47,"href":"http:\/\/www.marieannicklabonne.com\/index.php?rest_route=\/wp\/v2\/pages\/44\/revisions\/47"}],"wp:attachment":[{"href":"http:\/\/www.marieannicklabonne.com\/index.php?rest_route=%2Fwp%2Fv2%2Fmedia&parent=44"}],"curies":[{"name":"wp","href":"https:\/\/api.w.org\/{rel}","templated":true}]}}