{"id":101,"date":"2013-09-12T12:45:24","date_gmt":"2013-09-12T11:45:24","guid":{"rendered":"http:\/\/www.marieannicklabonne.com\/?page_id=101"},"modified":"2013-09-12T13:22:02","modified_gmt":"2013-09-12T12:22:02","slug":"tarot","status":"publish","type":"page","link":"https:\/\/www.marieannicklabonne.com\/?page_id=101","title":{"rendered":"Tarot"},"content":{"rendered":"<p style=\"text-align: center;\" align=\"center\">\u00a0\u00a0\u00a0\u00a0\u00a0\u00a0\u00a0\u00a0\u00a0\u00a0\u00a0\u00a0\u00a0\u00a0\u00a0\u00a0\u00a0\u00a0\u00a0\u00a0\u00a0\u00a0\u00a0\u00a0\u00a0\u00a0\u00a0\u00a0\u00a0\u00a0\u00a0\u00a0<strong>\u00a0\u00a0\u00a0 <\/strong><\/p>\n<p style=\"text-align: center;\" align=\"center\"><strong>Le tarot de Marseille<\/strong>\u00a0\u00a0\u00a0\u00a0\u00a0\u00a0\u00a0\u00a0\u00a0\u00a0\u00a0\u00a0<a href=\"http:\/\/www.marieannicklabonne.com\/wp-content\/uploads\/2013\/09\/tarot.jpg\"><img loading=\"lazy\" decoding=\"async\" class=\"alignnone size-medium wp-image-102\" alt=\"tarot\" src=\"http:\/\/www.marieannicklabonne.com\/wp-content\/uploads\/2013\/09\/tarot-152x300.jpg\" width=\"106\" height=\"165\" \/><\/a><\/p>\n<p style=\"text-align: center;\" align=\"center\"><i>\u00a0\u00a0\u00a0\u00a0\u00a0\u00a0\u00a0\u00a0\u00a0\u00a0\u00a0\u00a0\u00a0\u00a0\u00a0\u00a0\u00a0\u00a0\u00a0\u00a0\u00a0\u00a0\u00a0\u00a0\u00a0\u00a0\u00a0\u00a0\u00a0\u00a0\u00a0\u00a0\u00a0\u00a0\u00a0\u00a0\u00a0\u00a0\u00a0\u00a0\u00a0\u00a0\u00a0<strong>Miroir de l\u2019\u00e2me<\/strong><\/i><\/p>\n<p>\u00a0Initi\u00e9e au tarot par des lectures, notamment les livres d\u2019Alejandro Jodorowski, j\u2019\u00e9tais interpell\u00e9e par la pertinence des messages que le tirage de cartes pouvait r\u00e9v\u00e9ler.<\/p>\n<p>Je me suis form\u00e9e \u00e0 Source, l\u2019\u00e9cole de Catherine Gestas, th\u00e9rapeute et astrologue qui nous a montr\u00e9 \u00e0 quel point le tarot pouvait \u00eatre le miroir de notre psych\u00e9, c\u2019est-\u00e0-dire de notre \u00e2me.<\/p>\n<p>Les cartes ont souvent \u00e9t\u00e9 utilis\u00e9es comme un outil de divination mais ce n\u2019est pas de cette fa\u00e7on que nous les utilisons en tant que th\u00e9rapeutes.<\/p>\n<p>La carte tir\u00e9e r\u00e9v\u00e8le ce qui est inconscient, ce qui se cache dans les profondeurs de notre psych\u00e9. C\u2019est un outil de l\u2019intuition, un r\u00e9v\u00e9lateur de ce que le mental ne voit pas mais que notre \u00eatre profond sait.<\/p>\n<p>Le tarot permet de laisser \u00e9merger des m\u00e9moires, souvent transg\u00e9n\u00e9rationnelles et de les mettre en lumi\u00e8re.<\/p>\n<p>Le ressenti \u00e0 propos d\u2019une lame de tarot et les d\u00e9tails qui nous interpellent sont des messages pr\u00e9cieux concernant l\u2019\u00e9nergie qui est au travail en nous au moment du tirage.<\/p>\n<p>J\u2019utilise le tarot dans ma pratique th\u00e9rapeutique lorsque je sens que cela peut apporter un \u00e9clairage sur ce que vit le consultant. Et la magie (l\u2019\u00e2me agit) est toujours au rendez-vous, m\u00eame si rationnellement je n\u2019ai pas d\u2019explications.<\/p>\n<p>&nbsp;<\/p>\n<p>&nbsp;<\/p>\n","protected":false},"excerpt":{"rendered":"<p>\u00a0\u00a0\u00a0\u00a0\u00a0\u00a0\u00a0\u00a0\u00a0\u00a0\u00a0\u00a0\u00a0\u00a0\u00a0\u00a0\u00a0\u00a0\u00a0\u00a0\u00a0\u00a0\u00a0\u00a0\u00a0\u00a0\u00a0\u00a0\u00a0\u00a0\u00a0\u00a0\u00a0\u00a0\u00a0 Le tarot de Marseille\u00a0\u00a0\u00a0\u00a0\u00a0\u00a0\u00a0\u00a0\u00a0\u00a0\u00a0\u00a0 \u00a0\u00a0\u00a0\u00a0\u00a0\u00a0\u00a0\u00a0\u00a0\u00a0\u00a0\u00a0\u00a0\u00a0\u00a0\u00a0\u00a0\u00a0\u00a0\u00a0\u00a0\u00a0\u00a0\u00a0\u00a0\u00a0\u00a0\u00a0\u00a0\u00a0\u00a0\u00a0\u00a0\u00a0\u00a0\u00a0\u00a0\u00a0\u00a0\u00a0\u00a0\u00a0\u00a0Miroir de l\u2019\u00e2me \u00a0Initi\u00e9e au tarot par des lectures, notamment les livres d\u2019Alejandro Jodorowski, j\u2019\u00e9tais interpell\u00e9e par la pertinence des messages que le tirage de cartes pouvait r\u00e9v\u00e9ler. Je me suis form\u00e9e \u00e0 Source, l\u2019\u00e9cole de Catherine Gestas, th\u00e9rapeute et astrologue qui nous a montr\u00e9 \u00e0 quel point le tarot [&hellip;]<\/p>\n","protected":false},"author":1,"featured_media":0,"parent":0,"menu_order":0,"comment_status":"open","ping_status":"open","template":"","meta":{"footnotes":""},"_links":{"self":[{"href":"https:\/\/www.marieannicklabonne.com\/index.php?rest_route=\/wp\/v2\/pages\/101"}],"collection":[{"href":"https:\/\/www.marieannicklabonne.com\/index.php?rest_route=\/wp\/v2\/pages"}],"about":[{"href":"https:\/\/www.marieannicklabonne.com\/index.php?rest_route=\/wp\/v2\/types\/page"}],"author":[{"embeddable":true,"href":"https:\/\/www.marieannicklabonne.com\/index.php?rest_route=\/wp\/v2\/users\/1"}],"replies":[{"embeddable":true,"href":"https:\/\/www.marieannicklabonne.com\/index.php?rest_route=%2Fwp%2Fv2%2Fcomments&post=101"}],"version-history":[{"count":6,"href":"https:\/\/www.marieannicklabonne.com\/index.php?rest_route=\/wp\/v2\/pages\/101\/revisions"}],"predecessor-version":[{"id":104,"href":"https:\/\/www.marieannicklabonne.com\/index.php?rest_route=\/wp\/v2\/pages\/101\/revisions\/104"}],"wp:attachment":[{"href":"https:\/\/www.marieannicklabonne.com\/index.php?rest_route=%2Fwp%2Fv2%2Fmedia&parent=101"}],"curies":[{"name":"wp","href":"https:\/\/api.w.org\/{rel}","templated":true}]}}