{"id":22,"date":"2013-05-19T08:11:41","date_gmt":"2013-05-19T07:11:41","guid":{"rendered":"http:\/\/www.marieannicklabonne.com\/?page_id=22"},"modified":"2013-05-21T12:36:43","modified_gmt":"2013-05-21T11:36:43","slug":"page-daccueil","status":"publish","type":"page","link":"https:\/\/www.marieannicklabonne.com\/","title":{"rendered":"Passer de l&rsquo;ombre \u00e0 la lumi\u00e8re"},"content":{"rendered":"<h1><\/h1>\n<p><span style=\"color: #0000ff;\">\u00a0<\/span><\/p>\n<h1><\/h1>\n<p style=\"text-align: justify;\"><span style=\"color: #0000ff;\"><i>\u00a0Une personne \u00a0vient voir un th\u00e9rapeute lorsqu\u2019elle \u00a0traverse une zone d\u2019ombre, comme la tristesse, le mal-\u00eatre, le stress, l\u2019incertitude, la d\u00e9pression\u2026Et ensemble le th\u00e9rapeute et le consultant\u00a0vont trouver le sens de ce v\u00e9cu , et \u00e9laborer\u00a0 un chemin pour sortir de cette zone d\u2019ombre et aller vers la lumi\u00e8re.<\/i><i>\u00a0<\/i><\/span><\/p>\n<p style=\"text-align: justify;\"><span style=\"color: #0000ff;\">\u00a0<\/span><\/p>\n<p style=\"text-align: justify;\"><span style=\"color: #0000ff;\"><i>\u00a0Dans la Nature, l\u2019ombre pr\u00e9c\u00e8de toujours la lumi\u00e8re comme la graine en terre pendant l\u2019hiver ou comme le b\u00e9b\u00e9 dans le ventre maternel et cette gestation est n\u00e9cessaire \u00e0 tout d\u00e9veloppement. Dans sa vie l\u2019homme va traverser des \u00e9preuves qui vont lui permettre d\u2019\u00e9voluer dans la mesure o\u00f9 il d\u00e9passe ses \u00e9preuves et en comprend le sens.<\/i><\/span><\/p>\n<p style=\"text-align: justify;\"><span style=\"color: #0000ff;\"><i>\u00a0<\/i><\/span><\/p>\n<p style=\"text-align: justify;\"><span style=\"color: #0000ff;\"><i>\u00a0 Mon r\u00f4le d\u2019accompagnement est de vous faire prendre conscience de vos forces int\u00e9rieures afin de retrouver le chemin de votre richesse personnelle. Et ainsi vous acc\u00e9dez \u00e0 la joie de vivre qui vous permet d\u2019adopter les comportements justes et de poser les actes n\u00e9cessaires au bon moment.<\/i><\/span><\/p>\n<p style=\"text-align: justify;\"><span style=\"color: #0000ff;\"><i>\u00a0<\/i><\/span><\/p>\n<p style=\"text-align: justify;\"><span style=\"color: #0000ff;\"><i>\u00ab\u00a0Dans la vie, il n\u2019y rien \u00e0 craindre, il n\u2019y a que des choses \u00e0 comprendre \u00ab\u00a0<\/i><\/span><\/p>\n<p style=\"text-align: justify;\"><span style=\"color: #0000ff;\"><i>\u00a0\u00a0\u00a0\u00a0\u00a0\u00a0\u00a0\u00a0\u00a0\u00a0\u00a0\u00a0\u00a0\u00a0\u00a0\u00a0\u00a0\u00a0\u00a0\u00a0\u00a0\u00a0\u00a0\u00a0\u00a0\u00a0\u00a0\u00a0\u00a0\u00a0\u00a0\u00a0\u00a0\u00a0\u00a0\u00a0\u00a0\u00a0\u00a0\u00a0\u00a0\u00a0\u00a0\u00a0\u00a0\u00a0\u00a0\u00a0\u00a0\u00a0\u00a0\u00a0\u00a0\u00a0\u00a0\u00a0\u00a0\u00a0\u00a0\u00a0\u00a0\u00a0\u00a0\u00a0\u00a0\u00a0\u00a0\u00a0\u00a0\u00a0\u00a0\u00a0\u00a0\u00a0\u00a0\u00a0\u00a0\u00a0\u00a0\u00a0\u00a0\u00a0\u00a0\u00a0\u00a0\u00a0\u00a0\u00a0\u00a0\u00a0\u00a0 <strong>Marie Curie<\/strong><\/i><\/span><\/p>\n<p style=\"text-align: justify;\"><span style=\"color: #0000ff;\"><i>\u00a0<\/i><i>\u00a0<\/i><\/span><\/p>\n<p style=\"text-align: justify;\"><span style=\"color: #0000ff;\"><i>\u00ab\u00a0Il n\u2019y a pas de probl\u00e8mes qu\u2019on ne puisse r\u00e9soudre nous-m\u00eames\u00a0\u00bb<\/i><\/span><\/p>\n<p style=\"text-align: justify;\"><span style=\"color: #0000ff;\"><i>\u00a0\u00a0\u00a0\u00a0\u00a0\u00a0\u00a0\u00a0\u00a0\u00a0\u00a0\u00a0\u00a0\u00a0\u00a0\u00a0\u00a0\u00a0\u00a0\u00a0\u00a0\u00a0\u00a0\u00a0\u00a0\u00a0\u00a0\u00a0\u00a0\u00a0\u00a0\u00a0\u00a0\u00a0\u00a0\u00a0\u00a0\u00a0\u00a0\u00a0\u00a0\u00a0\u00a0\u00a0\u00a0\u00a0\u00a0\u00a0\u00a0\u00a0\u00a0\u00a0\u00a0 \u00a0\u00a0\u00a0\u00a0\u00a0\u00a0\u00a0\u00a0\u00a0\u00a0\u00a0\u00a0\u00a0\u00a0\u00a0\u00a0\u00a0\u00a0\u00a0\u00a0\u00a0\u00a0\u00a0\u00a0\u00a0\u00a0\u00a0\u00a0\u00a0\u00a0 <strong>M\u00e2 Ananda Moy\u00ee<\/strong><\/i><\/span><\/p>\n<p style=\"text-align: justify;\"><span style=\"color: #0000ff;\">\u00a0<\/span><\/p>\n","protected":false},"excerpt":{"rendered":"<p>\u00a0 \u00a0Une personne \u00a0vient voir un th\u00e9rapeute lorsqu\u2019elle \u00a0traverse une zone d\u2019ombre, comme la tristesse, le mal-\u00eatre, le stress, l\u2019incertitude, la d\u00e9pression\u2026Et ensemble le th\u00e9rapeute et le consultant\u00a0vont trouver le sens de ce v\u00e9cu , et \u00e9laborer\u00a0 un chemin pour sortir de cette zone d\u2019ombre et aller vers la lumi\u00e8re.\u00a0 \u00a0 \u00a0Dans la Nature, l\u2019ombre [&hellip;]<\/p>\n","protected":false},"author":1,"featured_media":0,"parent":0,"menu_order":0,"comment_status":"open","ping_status":"open","template":"","meta":{"footnotes":""},"_links":{"self":[{"href":"https:\/\/www.marieannicklabonne.com\/index.php?rest_route=\/wp\/v2\/pages\/22"}],"collection":[{"href":"https:\/\/www.marieannicklabonne.com\/index.php?rest_route=\/wp\/v2\/pages"}],"about":[{"href":"https:\/\/www.marieannicklabonne.com\/index.php?rest_route=\/wp\/v2\/types\/page"}],"author":[{"embeddable":true,"href":"https:\/\/www.marieannicklabonne.com\/index.php?rest_route=\/wp\/v2\/users\/1"}],"replies":[{"embeddable":true,"href":"https:\/\/www.marieannicklabonne.com\/index.php?rest_route=%2Fwp%2Fv2%2Fcomments&post=22"}],"version-history":[{"count":13,"href":"https:\/\/www.marieannicklabonne.com\/index.php?rest_route=\/wp\/v2\/pages\/22\/revisions"}],"predecessor-version":[{"id":28,"href":"https:\/\/www.marieannicklabonne.com\/index.php?rest_route=\/wp\/v2\/pages\/22\/revisions\/28"}],"wp:attachment":[{"href":"https:\/\/www.marieannicklabonne.com\/index.php?rest_route=%2Fwp%2Fv2%2Fmedia&parent=22"}],"curies":[{"name":"wp","href":"https:\/\/api.w.org\/{rel}","templated":true}]}}