{"id":88,"date":"2013-09-12T12:19:06","date_gmt":"2013-09-12T11:19:06","guid":{"rendered":"http:\/\/www.marieannicklabonne.com\/?page_id=88"},"modified":"2013-09-17T14:39:52","modified_gmt":"2013-09-17T13:39:52","slug":"astrologie","status":"publish","type":"page","link":"https:\/\/www.marieannicklabonne.com\/?page_id=88","title":{"rendered":"Astrologie"},"content":{"rendered":"<p align=\"center\"><a href=\"http:\/\/www.marieannicklabonne.com\/wp-content\/uploads\/2013\/09\/soleil.png\"><img loading=\"lazy\" decoding=\"async\" class=\"alignnone size-medium wp-image-108\" alt=\"soleil\" src=\"http:\/\/www.marieannicklabonne.com\/wp-content\/uploads\/2013\/09\/soleil-300x184.png\" width=\"300\" height=\"184\" srcset=\"https:\/\/www.marieannicklabonne.com\/wp-content\/uploads\/2013\/09\/soleil-300x184.png 300w, https:\/\/www.marieannicklabonne.com\/wp-content\/uploads\/2013\/09\/soleil.png 485w\" sizes=\"(max-width: 300px) 100vw, 300px\" \/><\/a><\/p>\n<p align=\"center\"><strong>L\u2019astrologie, est-ce bien s\u00e9rieux ?<\/strong><\/p>\n<p style=\"text-align: justify;\"><span style=\"color: #800080;\">La vulgarisation de l\u2019astrologie dans les m\u00e9dias nous offre une image simpliste, voire caricaturale de l\u2019astrologie. C\u2019est l\u2019image de l\u2019astrologie que j\u2019avais autrefois.<\/span><\/p>\n<p style=\"text-align: justify;\"><span style=\"color: #800080;\">Mais diff\u00e9rentes rencontres (Luc Big\u00e9, Catherine Gestas) m\u2019ont amen\u00e9e \u00e0 m\u2019int\u00e9resser \u00e0 cet outil et\u00a0 tr\u00e8s vite j\u2019ai compris que c\u2019\u00e9tait un merveilleux moyen de se conna\u00eetre mieux. Je me suis alors form\u00e9e \u00e0 l\u2019astrologie humaniste qui est une approche psychologique et transg\u00e9n\u00e9rationnelle \u00e0 l\u2019\u00e9cole de Catherine Gestas\u00a0 (<a href=\"http:\/\/www.association-source.com\"><span style=\"color: #800080;\">www.association-source.com<\/span><\/a>).<\/span><\/p>\n<p style=\"text-align: justify;\"><span style=\"color: #800080;\">Le th\u00e8me natal nous r\u00e9v\u00e8le nos potentialit\u00e9s mais aussi le sens de notre vie et de nos \u00e9preuves.<\/span><\/p>\n<p style=\"text-align: justify;\"><span style=\"color: #800080;\">Lorsqu\u2019on traverse des p\u00e9riodes difficiles, on se demande souvent\u00a0: pourquoi moi\u00a0? Comment m\u2019en sortir\u00a0? L\u2019astrologie apporte des r\u00e9ponses en montrant que la vie est r\u00e9gie par des cycles et des \u00e9nergies et que nous avons un rythme personnel. Une crise a toujours un sens \u00e9volutif, le comprendre permet l\u2019acceptation et la mutation.<\/span><\/p>\n<p style=\"text-align: justify;\"><span style=\"color: #800080;\">Oui l\u2019astrologie c\u2019est s\u00e9rieux dans la mesure o\u00f9 elle est un outil de connaissance de soi et d\u2019action.<\/span><\/p>\n<p style=\"text-align: justify;\"><span style=\"color: #800080;\">\u00a0<\/span><\/p>\n<p style=\"text-align: justify;\"><span style=\"color: #800080;\">Je donne des consultations individuelles \u00e0 des personnes qui viennent ponctuellement, pour r\u00e9pondre \u00e0 une question qu\u2019elles se posent.<\/span><\/p>\n<p style=\"text-align: justify;\"><span style=\"color: #800080;\">\u00a0<\/span><\/p>\n<p style=\"text-align: justify;\"><span style=\"color: #800080;\">Je propose \u00e9galement un th\u00e8me astral aux personnes en suivi th\u00e9rapeutique avec moi, seulement si elles sont ouvertes \u00e0 cette pratique.<\/span><\/p>\n<p style=\"text-align: justify;\"><span style=\"color: #800080;\">\u00a0<\/span><\/p>\n<p style=\"text-align: justify;\"><span style=\"color: #800080;\">\u00a0<\/span><\/p>\n","protected":false},"excerpt":{"rendered":"<p>L\u2019astrologie, est-ce bien s\u00e9rieux ? La vulgarisation de l\u2019astrologie dans les m\u00e9dias nous offre une image simpliste, voire caricaturale de l\u2019astrologie. C\u2019est l\u2019image de l\u2019astrologie que j\u2019avais autrefois. Mais diff\u00e9rentes rencontres (Luc Big\u00e9, Catherine Gestas) m\u2019ont amen\u00e9e \u00e0 m\u2019int\u00e9resser \u00e0 cet outil et\u00a0 tr\u00e8s vite j\u2019ai compris que c\u2019\u00e9tait un merveilleux moyen de se conna\u00eetre [&hellip;]<\/p>\n","protected":false},"author":1,"featured_media":0,"parent":0,"menu_order":0,"comment_status":"open","ping_status":"open","template":"","meta":{"footnotes":""},"_links":{"self":[{"href":"https:\/\/www.marieannicklabonne.com\/index.php?rest_route=\/wp\/v2\/pages\/88"}],"collection":[{"href":"https:\/\/www.marieannicklabonne.com\/index.php?rest_route=\/wp\/v2\/pages"}],"about":[{"href":"https:\/\/www.marieannicklabonne.com\/index.php?rest_route=\/wp\/v2\/types\/page"}],"author":[{"embeddable":true,"href":"https:\/\/www.marieannicklabonne.com\/index.php?rest_route=\/wp\/v2\/users\/1"}],"replies":[{"embeddable":true,"href":"https:\/\/www.marieannicklabonne.com\/index.php?rest_route=%2Fwp%2Fv2%2Fcomments&post=88"}],"version-history":[{"count":12,"href":"https:\/\/www.marieannicklabonne.com\/index.php?rest_route=\/wp\/v2\/pages\/88\/revisions"}],"predecessor-version":[{"id":95,"href":"https:\/\/www.marieannicklabonne.com\/index.php?rest_route=\/wp\/v2\/pages\/88\/revisions\/95"}],"wp:attachment":[{"href":"https:\/\/www.marieannicklabonne.com\/index.php?rest_route=%2Fwp%2Fv2%2Fmedia&parent=88"}],"curies":[{"name":"wp","href":"https:\/\/api.w.org\/{rel}","templated":true}]}}